{"id":238,"date":"2024-02-12T06:57:37","date_gmt":"2024-02-12T09:57:37","guid":{"rendered":"https:\/\/plugcasa.com.br\/?page_id=238"},"modified":"2025-09-08T19:57:04","modified_gmt":"2025-09-08T22:57:04","slug":"selecao-especial","status":"publish","type":"page","link":"https:\/\/www.happs.com.br\/?page_id=238","title":{"rendered":"Sele\u00e7\u00e3o Especial"},"content":{"rendered":"<p>[et_pb_section fb_built=&#8221;1&#8243; admin_label=&#8221;Header&#8221; _builder_version=&#8221;4.27.4&#8243; _module_preset=&#8221;default&#8221; custom_padding=&#8221;3vw||||false|false&#8221; hover_enabled=&#8221;0&#8243; collapsed=&#8221;on&#8221; global_colors_info=&#8221;{}&#8221; background_color=&#8221;#66000d&#8221; sticky_enabled=&#8221;0&#8243;][et_pb_row admin_label=&#8221;Linha&#8221; _builder_version=&#8221;4.24.3&#8243; _module_preset=&#8221;default&#8221; max_width=&#8221;81%&#8221; custom_margin=&#8221;||2vw||false|false&#8221; global_colors_info=&#8221;{}&#8221;][et_pb_column type=&#8221;4_4&#8243; _builder_version=&#8221;4.21.0&#8243; _module_preset=&#8221;default&#8221; global_colors_info=&#8221;{}&#8221;][et_pb_text _builder_version=&#8221;4.24.3&#8243; _module_preset=&#8221;default&#8221; text_font=&#8221;Heebo||||||||&#8221; text_font_size=&#8221;37px&#8221; text_letter_spacing=&#8221;1px&#8221; text_orientation=&#8221;center&#8221; custom_margin=&#8221;||54px|||&#8221; global_colors_info=&#8221;{}&#8221;]<\/p>\n<p><span style=\"color: #ffffff;\">SELE\u00c7\u00c3O<\/span><\/p>\n<p>[\/et_pb_text][et_pb_divider color=&#8221;gcid-73408ef3-8d7e-4e2c-a307-3f6f154d7ffc&#8221; divider_weight=&#8221;6px&#8221; _builder_version=&#8221;4.21.0&#8243; _module_preset=&#8221;default&#8221; max_width=&#8221;48px&#8221; module_alignment=&#8221;center&#8221; locked=&#8221;off&#8221; global_colors_info=&#8221;{%22gcid-73408ef3-8d7e-4e2c-a307-3f6f154d7ffc%22:%91%22color%22%93}&#8221;][\/et_pb_divider][et_pb_button button_url=&#8221;https:\/\/wa.me\/\/554733781211?text=Ol%C3%A1,%20Vim%20pelo%20site,%20tenho%20interesse%20em%20receber%20o%20cat%C3%A1logo%20de%20pre%C3%A7os.&#8221; url_new_window=&#8221;on&#8221; button_text=&#8221;Voc\u00ea pode solicitar o nosso cat\u00e1logo&#8221; button_alignment=&#8221;center&#8221; _builder_version=&#8221;4.24.3&#8243; _module_preset=&#8221;092703c2-f5ec-42dc-8caf-6c18a20953f8&#8243; custom_margin=&#8221;3px|||||&#8221;][\/et_pb_button][\/et_pb_column][\/et_pb_row][et_pb_row column_structure=&#8221;1_3,1_3,1_3&#8243; _builder_version=&#8221;4.21.0&#8243; _module_preset=&#8221;default&#8221; global_colors_info=&#8221;{}&#8221;][et_pb_column type=&#8221;1_3&#8243; admin_label=&#8221;Coluna&#8221; _builder_version=&#8221;4.21.0&#8243; _module_preset=&#8221;default&#8221; global_colors_info=&#8221;{}&#8221;][et_pb_image src=&#8221;https:\/\/happs.com.br\/wp-content\/uploads\/2024\/02\/IMG_20231113_103934563_HDR-scaled.jpg&#8221; title_text=&#8221;Del\u00edcia de Ninho com Nutella Happs&#8221; align=&#8221;center&#8221; admin_label=&#8221;Barras de chocolate&#8221; module_class=&#8221;scale-image&#8221; _builder_version=&#8221;4.24.0&#8243; _module_preset=&#8221;default&#8221; global_colors_info=&#8221;{}&#8221;][\/et_pb_image][et_pb_text _builder_version=&#8221;4.24.0&#8243; _module_preset=&#8221;656c4d3a-068e-4f01-bb55-331636afc337&#8243; header_5_text_color=&#8221;#FFFFFF&#8221; text_orientation=&#8221;center&#8221; global_colors_info=&#8221;{}&#8221;]<\/p>\n<h5>Del\u00edcia de Ninho com Nutella<\/h5>\n<p>[\/et_pb_text][\/et_pb_column][et_pb_column type=&#8221;1_3&#8243; _builder_version=&#8221;4.21.0&#8243; _module_preset=&#8221;default&#8221; global_colors_info=&#8221;{}&#8221;][et_pb_image src=&#8221;https:\/\/happs.com.br\/wp-content\/uploads\/2024\/02\/IMG_20231114_143342338-scaled.jpg&#8221; title_text=&#8221;Barra de chocolate recheada Happs&#8221; align=&#8221;center&#8221; admin_label=&#8221;Chocolate de caramelo com sal &#8221; module_class=&#8221;scale-image&#8221; _builder_version=&#8221;4.24.0&#8243; _module_preset=&#8221;default&#8221; global_colors_info=&#8221;{}&#8221;][\/et_pb_image][et_pb_text _builder_version=&#8221;4.24.0&#8243; _module_preset=&#8221;656c4d3a-068e-4f01-bb55-331636afc337&#8243; header_5_text_color=&#8221;#FFFFFF&#8221; text_orientation=&#8221;center&#8221; global_colors_info=&#8221;{}&#8221;]<\/p>\n<h5>Barra de Chocolate Recheada<\/h5>\n<p>[\/et_pb_text][\/et_pb_column][et_pb_column type=&#8221;1_3&#8243; _builder_version=&#8221;4.21.0&#8243; _module_preset=&#8221;default&#8221; global_colors_info=&#8221;{}&#8221;][et_pb_image src=&#8221;https:\/\/happs.com.br\/wp-content\/uploads\/2024\/02\/IMG_20230629_101240440_HDR.jpg&#8221; title_text=&#8221;IMG_20230629_101240440_HDR&#8221; align=&#8221;center&#8221; admin_label=&#8221;Chocolates diversos sabores&#8221; module_class=&#8221;scale-image&#8221; _builder_version=&#8221;4.24.0&#8243; _module_preset=&#8221;default&#8221; global_colors_info=&#8221;{}&#8221;][\/et_pb_image][et_pb_text _builder_version=&#8221;4.24.0&#8243; _module_preset=&#8221;656c4d3a-068e-4f01-bb55-331636afc337&#8243; header_5_text_color=&#8221;#FFFFFF&#8221; text_orientation=&#8221;center&#8221; global_colors_info=&#8221;{}&#8221;]<\/p>\n<h5>Barra de Chocolate Ruby<\/h5>\n<p>[\/et_pb_text][\/et_pb_column][\/et_pb_row][et_pb_row column_structure=&#8221;1_3,1_3,1_3&#8243; _builder_version=&#8221;4.21.0&#8243; _module_preset=&#8221;default&#8221; global_colors_info=&#8221;{}&#8221;][et_pb_column type=&#8221;1_3&#8243; _builder_version=&#8221;4.21.0&#8243; _module_preset=&#8221;default&#8221; global_colors_info=&#8221;{}&#8221;][et_pb_image src=&#8221;https:\/\/happs.com.br\/wp-content\/uploads\/2024\/02\/IMG_20230627_092613565.jpg&#8221; title_text=&#8221;Barra Magia Happs&#8221; align=&#8221;center&#8221; admin_label=&#8221;Barras de chocolate&#8221; module_class=&#8221;scale-image&#8221; _builder_version=&#8221;4.24.0&#8243; _module_preset=&#8221;default&#8221; global_colors_info=&#8221;{}&#8221;][\/et_pb_image][et_pb_text _builder_version=&#8221;4.24.0&#8243; _module_preset=&#8221;656c4d3a-068e-4f01-bb55-331636afc337&#8243; header_5_text_color=&#8221;#FFFFFF&#8221; text_orientation=&#8221;center&#8221; global_colors_info=&#8221;{}&#8221;]<\/p>\n<h5>Barras de Chocolates Magia<\/h5>\n<p>[\/et_pb_text][\/et_pb_column][et_pb_column type=&#8221;1_3&#8243; _builder_version=&#8221;4.21.0&#8243; _module_preset=&#8221;default&#8221; global_colors_info=&#8221;{}&#8221;][et_pb_image src=&#8221;https:\/\/happs.com.br\/wp-content\/uploads\/2024\/02\/1707602478326.jpg&#8221; title_text=&#8221;P\u00e3o de Mel Happs&#8221; align=&#8221;center&#8221; admin_label=&#8221;Chocolate de caramelo com sal &#8221; module_class=&#8221;scale-image&#8221; _builder_version=&#8221;4.24.0&#8243; _module_preset=&#8221;default&#8221; global_colors_info=&#8221;{}&#8221;][\/et_pb_image][et_pb_text _builder_version=&#8221;4.24.0&#8243; _module_preset=&#8221;656c4d3a-068e-4f01-bb55-331636afc337&#8243; header_5_text_color=&#8221;#FFFFFF&#8221; text_orientation=&#8221;center&#8221; global_colors_info=&#8221;{}&#8221;]<\/p>\n<h5>P\u00e3o de Mel<\/h5>\n<p>[\/et_pb_text][\/et_pb_column][et_pb_column type=&#8221;1_3&#8243; _builder_version=&#8221;4.21.0&#8243; _module_preset=&#8221;default&#8221; global_colors_info=&#8221;{}&#8221;][et_pb_image src=&#8221;https:\/\/happs.com.br\/wp-content\/uploads\/2024\/02\/WhatsApp-Image-2021-05-29-at-16.09.19-3.jpeg&#8221; alt=&#8221;Biscoito Amanteigado Happs&#8221; title_text=&#8221;Pipoca Gourmet de chocolate Happs&#8221; align=&#8221;center&#8221; admin_label=&#8221;Chocolates diversos sabores&#8221; module_class=&#8221;scale-image&#8221; _builder_version=&#8221;4.24.0&#8243; _module_preset=&#8221;default&#8221; global_colors_info=&#8221;{}&#8221;][\/et_pb_image][et_pb_text _builder_version=&#8221;4.24.0&#8243; _module_preset=&#8221;656c4d3a-068e-4f01-bb55-331636afc337&#8243; header_5_text_color=&#8221;#FFFFFF&#8221; text_orientation=&#8221;center&#8221; global_colors_info=&#8221;{}&#8221;]<\/p>\n<h5>Pipoca Gourmet<\/h5>\n<p>[\/et_pb_text][\/et_pb_column][\/et_pb_row][et_pb_row column_structure=&#8221;1_3,1_3,1_3&#8243; _builder_version=&#8221;4.21.0&#8243; _module_preset=&#8221;default&#8221; global_colors_info=&#8221;{}&#8221;][et_pb_column type=&#8221;1_3&#8243; _builder_version=&#8221;4.21.0&#8243; _module_preset=&#8221;default&#8221; global_colors_info=&#8221;{}&#8221;][et_pb_image src=&#8221;http:\/\/plugcasa.com.br\/wp-content\/uploads\/2024\/02\/1707602663151.jpg&#8221; title_text=&#8221;Barras recheadas Happs&#8221; align=&#8221;center&#8221; admin_label=&#8221;Barras de chocolate&#8221; module_class=&#8221;scale-image&#8221; _builder_version=&#8221;4.24.0&#8243; _module_preset=&#8221;default&#8221; global_colors_info=&#8221;{}&#8221;][\/et_pb_image][et_pb_text _builder_version=&#8221;4.24.0&#8243; _module_preset=&#8221;656c4d3a-068e-4f01-bb55-331636afc337&#8243; header_5_text_color=&#8221;#FFFFFF&#8221; text_orientation=&#8221;center&#8221; global_colors_info=&#8221;{}&#8221;]<\/p>\n<h5>Barras Recheadas<\/h5>\n<p>[\/et_pb_text][\/et_pb_column][et_pb_column type=&#8221;1_3&#8243; _builder_version=&#8221;4.21.0&#8243; _module_preset=&#8221;default&#8221; global_colors_info=&#8221;{}&#8221;][et_pb_image src=&#8221;https:\/\/happs.com.br\/wp-content\/uploads\/2024\/02\/IMG_20230629_111600471_HDR-b.jpg&#8221; alt=&#8221;Del\u00edcia recheada Happs&#8221; title_text=&#8221;Barra de chocolate caramelo Happs&#8221; align=&#8221;center&#8221; admin_label=&#8221;Chocolate de caramelo com sal &#8221; module_class=&#8221;scale-image&#8221; _builder_version=&#8221;4.24.0&#8243; _module_preset=&#8221;default&#8221; global_colors_info=&#8221;{}&#8221;][\/et_pb_image][et_pb_text _builder_version=&#8221;4.24.0&#8243; _module_preset=&#8221;656c4d3a-068e-4f01-bb55-331636afc337&#8243; header_5_text_color=&#8221;#FFFFFF&#8221; text_orientation=&#8221;center&#8221; global_colors_info=&#8221;{}&#8221;]<\/p>\n<h5>Barra de Chocolate Caramelo Salgado<\/h5>\n<p>[\/et_pb_text][\/et_pb_column][et_pb_column type=&#8221;1_3&#8243; _builder_version=&#8221;4.21.0&#8243; _module_preset=&#8221;default&#8221; global_colors_info=&#8221;{}&#8221;][et_pb_image src=&#8221;https:\/\/happs.com.br\/wp-content\/uploads\/2024\/02\/IMG_20230109_165713602.jpg&#8221; alt=&#8221;Chocolate Ruby com recheio&#8221; title_text=&#8221;Barra de chocolate 70% cacau&#8221; align=&#8221;center&#8221; admin_label=&#8221;Chocolate de caramelo com sal &#8221; module_class=&#8221;scale-image&#8221; _builder_version=&#8221;4.24.0&#8243; _module_preset=&#8221;default&#8221; global_colors_info=&#8221;{}&#8221;][\/et_pb_image][et_pb_text _builder_version=&#8221;4.24.0&#8243; _module_preset=&#8221;656c4d3a-068e-4f01-bb55-331636afc337&#8243; header_5_text_color=&#8221;#FFFFFF&#8221; text_orientation=&#8221;center&#8221; global_colors_info=&#8221;{}&#8221;]<\/p>\n<h5>70% Cacau<\/h5>\n<p>[\/et_pb_text][\/et_pb_column][\/et_pb_row][\/et_pb_section][et_pb_section fb_built=&#8221;1&#8243; make_equal=&#8221;on&#8221; use_custom_gutter=&#8221;on&#8221; gutter_width=&#8221;1&#8243; specialty=&#8221;on&#8221; background_color_2=&#8221;#FFFFFF&#8221; admin_label=&#8221;Services&#8221; _builder_version=&#8221;4.24.0&#8243; _module_preset=&#8221;_initial&#8221; collapsed=&#8221;on&#8221; global_colors_info=&#8221;{}&#8221;][et_pb_column type=&#8221;2_3&#8243; specialty_columns=&#8221;2&#8243; _builder_version=&#8221;4.16&#8243; _module_preset=&#8221;default&#8221; custom_padding=&#8221;|||&#8221; global_colors_info=&#8221;{}&#8221; custom_padding__hover=&#8221;|||&#8221;][et_pb_row_inner column_structure=&#8221;1_2,1_2&#8243; use_custom_gutter=&#8221;on&#8221; gutter_width=&#8221;1&#8243; make_equal=&#8221;on&#8221; _builder_version=&#8221;4.21.0&#8243; _module_preset=&#8221;default&#8221; custom_padding=&#8221;0px||0px||true|false&#8221; border_width_all=&#8221;10px&#8221; border_color_all=&#8221;#FFFFFF&#8221; border_width_top=&#8221;0px&#8221; border_width_left=&#8221;0px&#8221; border_width_right_tablet=&#8221;0px&#8221; border_width_right_phone=&#8221;0px&#8221; border_width_right_last_edited=&#8221;on|tablet&#8221; global_colors_info=&#8221;{}&#8221;][et_pb_column_inner type=&#8221;1_2&#8243; saved_specialty_column_type=&#8221;2_3&#8243; _builder_version=&#8221;4.21.0&#8243; _module_preset=&#8221;default&#8221; border_color_all=&#8221;#FFFFFF&#8221; border_width_right=&#8221;5px&#8221; border_width_right_tablet=&#8221;0px&#8221; border_width_right_phone=&#8221;0px&#8221; border_width_right_last_edited=&#8221;on|tablet&#8221; border_width_bottom_tablet=&#8221;10px&#8221; border_width_bottom_phone=&#8221;10px&#8221; border_width_bottom_last_edited=&#8221;on|tablet&#8221; global_colors_info=&#8221;{}&#8221;][et_pb_image src=&#8221;http:\/\/plugcasa.com.br\/wp-content\/uploads\/2024\/02\/WhatsApp-Image-2021-07-09-at-21.38.17-1.jpeg&#8221; title_text=&#8221;Chocolate Quente Happs&#8221; _builder_version=&#8221;4.24.0&#8243; _module_preset=&#8221;default&#8221; global_colors_info=&#8221;{}&#8221;][\/et_pb_image][\/et_pb_column_inner][et_pb_column_inner type=&#8221;1_2&#8243; saved_specialty_column_type=&#8221;2_3&#8243; _builder_version=&#8221;4.21.0&#8243; _module_preset=&#8221;default&#8221; border_color_all=&#8221;#FFFFFF&#8221; border_width_left=&#8221;5px&#8221; border_width_left_tablet=&#8221;0px&#8221; border_width_left_phone=&#8221;0px&#8221; border_width_left_last_edited=&#8221;on|tablet&#8221; global_colors_info=&#8221;{}&#8221;][et_pb_image src=&#8221;http:\/\/plugcasa.com.br\/wp-content\/uploads\/2024\/02\/WhatsApp-Image-2021-06-15-at-16.21.04.jpeg&#8221; title_text=&#8221;Chocolate Quente Happs&#8221; _builder_version=&#8221;4.24.0&#8243; _module_preset=&#8221;default&#8221; locked=&#8221;off&#8221; global_colors_info=&#8221;{}&#8221;][\/et_pb_image][\/et_pb_column_inner][\/et_pb_row_inner][et_pb_row_inner column_structure=&#8221;1_2,1_2&#8243; use_custom_gutter=&#8221;on&#8221; gutter_width=&#8221;1&#8243; make_equal=&#8221;on&#8221; _builder_version=&#8221;4.24.0&#8243; _module_preset=&#8221;default&#8221; custom_padding=&#8221;0px||0px||true|false&#8221; border_color_all=&#8221;#FFFFFF&#8221; border_width_right=&#8221;10px&#8221; border_width_all_tablet=&#8221;&#8221; border_width_all_phone=&#8221;&#8221; border_width_all_last_edited=&#8221;on|desktop&#8221; border_width_right_tablet=&#8221;0px&#8221; border_width_right_phone=&#8221;0px&#8221; border_width_right_last_edited=&#8221;on|tablet&#8221; global_colors_info=&#8221;{}&#8221;][et_pb_column_inner type=&#8221;1_2&#8243; saved_specialty_column_type=&#8221;2_3&#8243; _builder_version=&#8221;4.21.0&#8243; _module_preset=&#8221;default&#8221; background_color=&#8221;gcid-9c2b1d03-730f-4a4a-96c1-7a483c6994a2&#8243; custom_padding=&#8221;30px|30px|30px|30px|true|true&#8221; custom_padding_tablet=&#8221;30px|30px|30px|30px|true|true&#8221; custom_padding_phone=&#8221;20px|20px|20px|20px|true|true&#8221; custom_padding_last_edited=&#8221;on|desktop&#8221; border_color_all=&#8221;#FFFFFF&#8221; border_width_right=&#8221;5px&#8221; border_width_right_tablet=&#8221;0px&#8221; border_width_right_phone=&#8221;0px&#8221; border_width_right_last_edited=&#8221;on|tablet&#8221; border_width_bottom_tablet=&#8221;10px&#8221; border_width_bottom_phone=&#8221;10px&#8221; border_width_bottom_last_edited=&#8221;on|tablet&#8221; global_colors_info=&#8221;{%22gcid-9c2b1d03-730f-4a4a-96c1-7a483c6994a2%22:%91%22background_color%22%93}&#8221;][et_pb_text _builder_version=&#8221;4.24.0&#8243; _module_preset=&#8221;4d81d962-03e3-4ef9-b83a-887100c9946a&#8221; text_text_color=&#8221;#FFFFFF&#8221; text_orientation=&#8221;center&#8221; custom_margin=&#8221;||30px||false|false&#8221; global_colors_info=&#8221;{}&#8221;]<\/p>\n<p>Aquele abra\u00e7o quentinho em um dia de inverno, o nosso chocolate quente voc\u00ea pode fazer em casa, ou pedir para entregar.<\/p>\n<p>[\/et_pb_text][et_pb_button button_text=&#8221;Pedidos no whats&#8221; button_alignment=&#8221;center&#8221; _builder_version=&#8221;4.24.3&#8243; _module_preset=&#8221;37d5b887-8a82-425a-b95c-913a0773a9a1&#8243; global_colors_info=&#8221;{}&#8221;][\/et_pb_button][\/et_pb_column_inner][et_pb_column_inner type=&#8221;1_2&#8243; saved_specialty_column_type=&#8221;2_3&#8243; _builder_version=&#8221;4.24.0&#8243; _module_preset=&#8221;default&#8221; background_image=&#8221;http:\/\/plugcasa.com.br\/wp-content\/uploads\/2024\/02\/IMG_5537-1-scaled.jpg&#8221; border_color_all=&#8221;#FFFFFF&#8221; border_width_left=&#8221;5px&#8221; border_width_bottom_tablet=&#8221;10px&#8221; border_width_bottom_phone=&#8221;10px&#8221; border_width_bottom_last_edited=&#8221;on|tablet&#8221; border_width_left_tablet=&#8221;0px&#8221; border_width_left_phone=&#8221;0px&#8221; border_width_left_last_edited=&#8221;on|tablet&#8221; global_colors_info=&#8221;{%22gcid-9c2b1d03-730f-4a4a-96c1-7a483c6994a2%22:%91%22background_color%22%93}&#8221;][et_pb_divider show_divider=&#8221;off&#8221; _builder_version=&#8221;4.21.0&#8243; _module_preset=&#8221;default&#8221; height_tablet=&#8221;64vw&#8221; height_phone=&#8221;64vw&#8221; height_last_edited=&#8221;on|desktop&#8221; locked=&#8221;off&#8221; global_colors_info=&#8221;{}&#8221;][\/et_pb_divider][\/et_pb_column_inner][\/et_pb_row_inner][\/et_pb_column][et_pb_column type=&#8221;1_3&#8243; admin_label=&#8221;Coluna&#8221; _builder_version=&#8221;4.16&#8243; _module_preset=&#8221;default&#8221; custom_padding=&#8221;|||&#8221; global_colors_info=&#8221;{}&#8221; custom_padding__hover=&#8221;|||&#8221;][et_pb_divider show_divider=&#8221;off&#8221; _builder_version=&#8221;4.24.0&#8243; _module_preset=&#8221;default&#8221; height_tablet=&#8221;64vw&#8221; height_phone=&#8221;64vw&#8221; height_last_edited=&#8221;on|desktop&#8221; global_colors_info=&#8221;{}&#8221;][\/et_pb_divider][et_pb_text _builder_version=&#8221;4.24.0&#8243; _module_preset=&#8221;default&#8221; text_text_color=&#8221;#1e0c10&#8243; text_font_size=&#8221;15px&#8221; text_letter_spacing=&#8221;1px&#8221; text_line_height=&#8221;1.3em&#8221; custom_margin=&#8221;-30px|||33px|false|false&#8221; inline_fonts=&#8221;Abel&#8221; global_colors_info=&#8221;{}&#8221;]<\/p>\n<p><span style=\"font-family: inherit; font-weight: normal; font-size: x-large;\">Em meio ao friozinho, quando a temperatura cai e a vontade de se enrolar num cobertor surge, n\u00f3s temos a salva\u00e7\u00e3o pra te aquecer, o nosso Chocolate Quente! S\u00e9rio, \u00e9 tipo um abra\u00e7o quente na alma!<\/span><\/p>\n<p><span style=\"font-family: inherit; font-weight: normal; font-size: x-large;\">O Chocolate Quente da Happs \u00e9 aquela maravilha, temos a op\u00e7\u00e3o que voc\u00ea pode fazer em casa, no seu aconchego, e se quiser descomplicar, \u00e9 s\u00f3 pegar pronto na loja ou pedir pra entregar. \u00c9 a praticidade do conforto na sua x\u00edcara, seja onde for. Afinal, a ideia \u00e9 que a experi\u00eancia boa do nosso chocolate quente esteja ao seu alcance, f\u00e1cil e deliciosa. Ent\u00e3o, seja no seu cantinho ou com uma entrega na porta, aproveita essa vibe Happs de sabor e conforto. \ud83c\udf6b\ud83d\udc96<\/span><\/p>\n<p>[\/et_pb_text][\/et_pb_column][\/et_pb_section]<\/p>\n","protected":false},"excerpt":{"rendered":"<p>SELE\u00c7\u00c3ODel\u00edcia de Ninho com NutellaBarra de Chocolate RecheadaBarra de Chocolate RubyBarras de Chocolates MagiaP\u00e3o de MelPipoca GourmetBarras RecheadasBarra de Chocolate Caramelo Salgado70% CacauAquele abra\u00e7o quentinho em um dia de inverno, o nosso chocolate quente voc\u00ea pode fazer em casa, ou pedir para entregar.Em meio ao friozinho, quando a temperatura cai e a vontade de se [&hellip;]<\/p>\n","protected":false},"author":2,"featured_media":0,"parent":38,"menu_order":5,"comment_status":"closed","ping_status":"closed","template":"","meta":{"_et_pb_use_builder":"on","_et_pb_old_content":"","_et_gb_content_width":"","footnotes":""},"class_list":["post-238","page","type-page","status-publish","hentry"],"_links":{"self":[{"href":"https:\/\/www.happs.com.br\/index.php?rest_route=\/wp\/v2\/pages\/238","targetHints":{"allow":["GET"]}}],"collection":[{"href":"https:\/\/www.happs.com.br\/index.php?rest_route=\/wp\/v2\/pages"}],"about":[{"href":"https:\/\/www.happs.com.br\/index.php?rest_route=\/wp\/v2\/types\/page"}],"author":[{"embeddable":true,"href":"https:\/\/www.happs.com.br\/index.php?rest_route=\/wp\/v2\/users\/2"}],"replies":[{"embeddable":true,"href":"https:\/\/www.happs.com.br\/index.php?rest_route=%2Fwp%2Fv2%2Fcomments&post=238"}],"version-history":[{"count":32,"href":"https:\/\/www.happs.com.br\/index.php?rest_route=\/wp\/v2\/pages\/238\/revisions"}],"predecessor-version":[{"id":1759,"href":"https:\/\/www.happs.com.br\/index.php?rest_route=\/wp\/v2\/pages\/238\/revisions\/1759"}],"up":[{"embeddable":true,"href":"https:\/\/www.happs.com.br\/index.php?rest_route=\/wp\/v2\/pages\/38"}],"wp:attachment":[{"href":"https:\/\/www.happs.com.br\/index.php?rest_route=%2Fwp%2Fv2%2Fmedia&parent=238"}],"curies":[{"name":"wp","href":"https:\/\/api.w.org\/{rel}","templated":true}]}}