{"id":127,"date":"2024-02-08T20:28:15","date_gmt":"2024-02-08T23:28:15","guid":{"rendered":"https:\/\/plugcasa.com.br\/?page_id=127"},"modified":"2025-09-08T19:46:22","modified_gmt":"2025-09-08T22:46:22","slug":"sobre-a-happs","status":"publish","type":"page","link":"https:\/\/www.happs.com.br\/?page_id=127","title":{"rendered":"Sobre a Happs"},"content":{"rendered":"<p>[et_pb_section fb_built=&#8221;1&#8243; admin_label=&#8221;Header&#8221; _builder_version=&#8221;4.21.0&#8243; _module_preset=&#8221;default&#8221; custom_padding=&#8221;92px|||||&#8221; collapsed=&#8221;on&#8221; global_colors_info=&#8221;{}&#8221;][et_pb_row _builder_version=&#8221;4.21.0&#8243; _module_preset=&#8221;default&#8221; global_colors_info=&#8221;{}&#8221;][et_pb_column type=&#8221;4_4&#8243; _builder_version=&#8221;4.21.0&#8243; _module_preset=&#8221;default&#8221; global_colors_info=&#8221;{}&#8221;][et_pb_text _builder_version=&#8221;4.24.0&#8243; _module_preset=&#8221;3333ebfc-f2c6-440d-83b4-66f2f7dee155&#8243; text_font=&#8221;Heebo||||||||&#8221; text_text_color=&#8221;#FFFFFF&#8221; text_font_size=&#8221;37px&#8221; text_letter_spacing=&#8221;1px&#8221; header_font=&#8221;Heebo||||||||&#8221; header_font_size=&#8221;40px&#8221; header_letter_spacing=&#8221;1px&#8221; text_orientation=&#8221;center&#8221; global_colors_info=&#8221;{}&#8221;]<\/p>\n<h1>SOBRE A HAPPS<\/h1>\n<p>[\/et_pb_text][\/et_pb_column][\/et_pb_row][et_pb_row column_structure=&#8221;1_2,1_2&#8243; use_custom_gutter=&#8221;on&#8221; gutter_width=&#8221;1&#8243; make_equal=&#8221;on&#8221; _builder_version=&#8221;4.24.0&#8243; _module_preset=&#8221;default&#8221; global_colors_info=&#8221;{}&#8221;][et_pb_column type=&#8221;1_2&#8243; _builder_version=&#8221;4.24.0&#8243; _module_preset=&#8221;default&#8221; background_image=&#8221;https:\/\/happs.com.br\/wp-content\/uploads\/2024\/02\/IMG_5490-b-scaled.jpg&#8221; global_colors_info=&#8221;{}&#8221;][et_pb_divider show_divider=&#8221;off&#8221; _builder_version=&#8221;4.21.0&#8243; _module_preset=&#8221;default&#8221; height_tablet=&#8221;40vw&#8221; height_phone=&#8221;40vw&#8221; height_last_edited=&#8221;on|phone&#8221; locked=&#8221;off&#8221; global_colors_info=&#8221;{}&#8221;][\/et_pb_divider][\/et_pb_column][et_pb_column type=&#8221;1_2&#8243; _builder_version=&#8221;4.21.0&#8243; _module_preset=&#8221;default&#8221; background_color=&#8221;gcid-0dd65ac1-b501-41d8-8d6b-bb3a9daf5c2a&#8221; custom_padding=&#8221;80px|60px|80px|60px|true|true&#8221; custom_padding_tablet=&#8221;40px|30px|40px|30px|true|true&#8221; custom_padding_phone=&#8221;30px|20px|30px|20px|true|true&#8221; custom_padding_last_edited=&#8221;on|phone&#8221; global_colors_info=&#8221;{%22gcid-0dd65ac1-b501-41d8-8d6b-bb3a9daf5c2a%22:%91%22background_color%22%93}&#8221;][et_pb_text _builder_version=&#8221;4.24.0&#8243; _module_preset=&#8221;5b00006c-9611-477f-9578-75afb100492b&#8221; header_2_font=&#8221;||||||||&#8221; header_2_font_size=&#8221;37px&#8221; background_layout=&#8221;dark&#8221; custom_margin=&#8221;||30px||false|false&#8221; global_colors_info=&#8221;{}&#8221;]<\/p>\n<h2>A Loja<\/h2>\n<p>[\/et_pb_text][et_pb_text _builder_version=&#8221;4.24.3&#8243; _module_preset=&#8221;6ee4f32b-496f-4613-af18-32daf69e648e&#8221; text_text_color=&#8221;#FFFFFF&#8221; custom_margin=&#8221;||||false|false&#8221; locked=&#8221;off&#8221; global_colors_info=&#8221;{}&#8221;]<\/p>\n<p class=\"mb-4 tm-intro-text\">Convidamos voc\u00ea em uma jornada irresist\u00edvel pelo mundo dos sabores na nossa loja de chocolates em Blumenau. Aqui na Happs, n\u00f3s nos dedicamos a oferecer produtos com qualidade e variedade para todos os gostos, onde cada mordida \u00e9 uma celebra\u00e7\u00e3o do prazer.<\/p>\n<p class=\"mb-5 tm-intro-text\">Nossa loja \u00e9 um verdadeiro para\u00edso para os amantes de chocolates, com um cheirinho irresist\u00edvel de chocolate.<br \/>Nosso compromisso com a excel\u00eancia \u00e9 evidente em cada etapa do processo de produ\u00e7\u00e3o. Combinamos t\u00e9cnicas tradicionais com inova\u00e7\u00e3o para oferecer produtos de alta qualidade que capturam a ess\u00eancia pura do chocolate.<\/p>\n<p>[\/et_pb_text][\/et_pb_column][\/et_pb_row][\/et_pb_section][et_pb_section fb_built=&#8221;1&#8243; admin_label=&#8221;About&#8221; _builder_version=&#8221;4.21.0&#8243; _module_preset=&#8221;default&#8221; custom_padding=&#8221;||7px|||&#8221; collapsed=&#8221;on&#8221; global_colors_info=&#8221;{}&#8221;][et_pb_row column_structure=&#8221;1_3,1_3,1_3&#8243; _builder_version=&#8221;4.24.0&#8243; _module_preset=&#8221;default&#8221; global_colors_info=&#8221;{}&#8221;][et_pb_column type=&#8221;1_3&#8243; _builder_version=&#8221;4.24.0&#8243; _module_preset=&#8221;default&#8221; global_colors_info=&#8221;{}&#8221;][et_pb_text _builder_version=&#8221;4.24.0&#8243; _module_preset=&#8221;d61d95af-32b8-4e7b-b91a-1ffe79cc548f&#8221; header_3_font_size_phone=&#8221;22px&#8221; global_colors_info=&#8221;{}&#8221;]<\/p>\n<h3>O que \u00e9 Happs?<\/h3>\n<p>[\/et_pb_text][et_pb_text _builder_version=&#8221;4.24.0&#8243; _module_preset=&#8221;6ee4f32b-496f-4613-af18-32daf69e648e&#8221; text_letter_spacing=&#8221;1px&#8221; custom_margin=&#8221;||30px||false|false&#8221; text_font_size_phone=&#8221;16px&#8221; locked=&#8221;off&#8221; global_colors_info=&#8221;{}&#8221;]<\/p>\n<p>O nome Happs (fala-se R\u00e1ps) \u00e9 de origem alem\u00e3, significa &#8220;peda\u00e7o&#8221; ou &#8220;mordida&#8221; e at\u00e9 nos dias de hoje \u00e9 comum de se ouvir aqui na cidade. &#8220;Ei me d\u00e1 um happs?&#8221;<\/p>\n<p>[\/et_pb_text][\/et_pb_column][et_pb_column type=&#8221;1_3&#8243; _builder_version=&#8221;4.21.0&#8243; _module_preset=&#8221;default&#8221; global_colors_info=&#8221;{}&#8221;][et_pb_text _builder_version=&#8221;4.24.0&#8243; _module_preset=&#8221;d61d95af-32b8-4e7b-b91a-1ffe79cc548f&#8221; header_3_font_size_phone=&#8221;22px&#8221; locked=&#8221;off&#8221; global_colors_info=&#8221;{}&#8221;]<\/p>\n<h3>Em Blumenau<\/h3>\n<p>[\/et_pb_text][et_pb_text _builder_version=&#8221;4.27.4&#8243; _module_preset=&#8221;6ee4f32b-496f-4613-af18-32daf69e648e&#8221; text_letter_spacing=&#8221;1px&#8221; custom_margin=&#8221;||30px||false|false&#8221; hover_enabled=&#8221;0&#8243; text_font_size_phone=&#8221;16px&#8221; locked=&#8221;off&#8221; global_colors_info=&#8221;{}&#8221; sticky_enabled=&#8221;0&#8243;]<\/p>\n<p>A Happs Chocolates h\u00e1 mais de \n22 anos produz seus deliciosos chocolates em Blumenau. Em cada pedacinho \u00e9 depositado muito amor, carinho e dedica\u00e7\u00e3o. A fam\u00edlia Happs est\u00e1 sempre aberta a sugest\u00f5es, conte conosco para ajud\u00e1-la.<\/p>\n<p>[\/et_pb_text][\/et_pb_column][et_pb_column type=&#8221;1_3&#8243; _builder_version=&#8221;4.21.0&#8243; _module_preset=&#8221;default&#8221; global_colors_info=&#8221;{}&#8221;][et_pb_text _builder_version=&#8221;4.24.0&#8243; _module_preset=&#8221;d61d95af-32b8-4e7b-b91a-1ffe79cc548f&#8221; header_3_font_size_phone=&#8221;22px&#8221; locked=&#8221;off&#8221; global_colors_info=&#8221;{}&#8221;]<\/p>\n<h3>Sabores<\/h3>\n<p>[\/et_pb_text][et_pb_text _builder_version=&#8221;4.24.0&#8243; _module_preset=&#8221;6ee4f32b-496f-4613-af18-32daf69e648e&#8221; text_letter_spacing=&#8221;1px&#8221; custom_margin=&#8221;||30px||false|false&#8221; locked=&#8221;off&#8221; global_colors_info=&#8221;{}&#8221;]<\/p>\n<p>Com um blend especial a Happs transforma seus chocolates em verdadeiras del\u00edcias, que agradam at\u00e9 aos mais exigentes paladares. Al\u00e9m dos cl\u00e1ssicos, ao leite, meio amargo e branco, a Happs tamb\u00e9m trabalha com as linhas especiais Diet, Sem Lactose e 70% Cacau.<\/p>\n<p>&nbsp;<\/p>\n<p>[\/et_pb_text][\/et_pb_column][\/et_pb_row][\/et_pb_section][et_pb_section fb_built=&#8221;1&#8243; admin_label=&#8221;Testimonials&#8221; _builder_version=&#8221;4.21.0&#8243; _module_preset=&#8221;default&#8221; custom_padding=&#8221;10px|||||&#8221; collapsed=&#8221;on&#8221; global_colors_info=&#8221;{}&#8221;][et_pb_row _builder_version=&#8221;4.24.0&#8243; _module_preset=&#8221;default&#8221; global_colors_info=&#8221;{}&#8221;][et_pb_column type=&#8221;4_4&#8243; _builder_version=&#8221;4.21.0&#8243; _module_preset=&#8221;default&#8221; global_colors_info=&#8221;{}&#8221;][et_pb_image src=&#8221;https:\/\/happs.com.br\/wp-content\/uploads\/2024\/02\/Happs-Icone-Transparente.png&#8221; title_text=&#8221;Happs-\u00cdcone-Transparente&#8221; _builder_version=&#8221;4.24.0&#8243; _module_preset=&#8221;default&#8221; width=&#8221;18%&#8221; width_tablet=&#8221;18%&#8221; width_phone=&#8221;18%&#8221; width_last_edited=&#8221;on|phone&#8221; max_width=&#8221;38%&#8221; max_width_tablet=&#8221;38%&#8221; max_width_phone=&#8221;38%&#8221; max_width_last_edited=&#8221;on|phone&#8221; module_alignment=&#8221;center&#8221; min_height_tablet=&#8221;&#8221; min_height_phone=&#8221;&#8221; min_height_last_edited=&#8221;on|phone&#8221; custom_margin=&#8221;-33px||||false|false&#8221; custom_margin_tablet=&#8221;-33px||||false|false&#8221; custom_margin_phone=&#8221;-90px||||false|false&#8221; custom_margin_last_edited=&#8221;on|phone&#8221; border_width_all=&#8221;0px&#8221; global_colors_info=&#8221;{}&#8221;][\/et_pb_image][et_pb_text _builder_version=&#8221;4.24.0&#8243; _module_preset=&#8221;default&#8221; text_font_size=&#8221;16px&#8221; text_letter_spacing=&#8221;1px&#8221; text_orientation=&#8221;center&#8221; width=&#8221;71%&#8221; module_alignment=&#8221;center&#8221; text_font_size_tablet=&#8221;18px&#8221; text_font_size_phone=&#8221;16px&#8221; text_font_size_last_edited=&#8221;on|phone&#8221; global_colors_info=&#8221;{}&#8221;]<\/p>\n<p>Trabalhamos em nossa loja com diversos sabores de chocolate e ainda fazemos pedimos especiais para nossos clientes, seja corporativo ou p\u00fablico final. Lembrancinhas para anivers\u00e1rios, casamentos, eventos de empresas, v\u00e1rias possibilidades.<\/p>\n<p>&nbsp;<\/p>\n<p>Buscamos sempre o que h\u00e1 de melhor em sabor e qualidade para produzir os nossos produtos, com mat\u00e9ria prima sempre fresquinha. Nossos chocolates n\u00e3o possuem gl\u00faten, nem gordura hidrogenada.<\/p>\n<p>[\/et_pb_text][\/et_pb_column][\/et_pb_row][\/et_pb_section]<\/p>\n","protected":false},"excerpt":{"rendered":"<p>SOBRE A HAPPSA LojaConvidamos voc\u00ea em uma jornada irresist\u00edvel pelo mundo dos sabores na nossa loja de chocolates em Blumenau. Aqui na Happs, n\u00f3s nos dedicamos a oferecer produtos com qualidade e variedade para todos os gostos, onde cada mordida \u00e9 uma celebra\u00e7\u00e3o do prazer. Nossa loja \u00e9 um verdadeiro para\u00edso para os amantes de [&hellip;]<\/p>\n","protected":false},"author":2,"featured_media":0,"parent":106,"menu_order":95,"comment_status":"closed","ping_status":"closed","template":"","meta":{"_et_pb_use_builder":"on","_et_pb_old_content":"","_et_gb_content_width":"","footnotes":""},"class_list":["post-127","page","type-page","status-publish","hentry"],"_links":{"self":[{"href":"https:\/\/www.happs.com.br\/index.php?rest_route=\/wp\/v2\/pages\/127","targetHints":{"allow":["GET"]}}],"collection":[{"href":"https:\/\/www.happs.com.br\/index.php?rest_route=\/wp\/v2\/pages"}],"about":[{"href":"https:\/\/www.happs.com.br\/index.php?rest_route=\/wp\/v2\/types\/page"}],"author":[{"embeddable":true,"href":"https:\/\/www.happs.com.br\/index.php?rest_route=\/wp\/v2\/users\/2"}],"replies":[{"embeddable":true,"href":"https:\/\/www.happs.com.br\/index.php?rest_route=%2Fwp%2Fv2%2Fcomments&post=127"}],"version-history":[{"count":21,"href":"https:\/\/www.happs.com.br\/index.php?rest_route=\/wp\/v2\/pages\/127\/revisions"}],"predecessor-version":[{"id":1748,"href":"https:\/\/www.happs.com.br\/index.php?rest_route=\/wp\/v2\/pages\/127\/revisions\/1748"}],"up":[{"embeddable":true,"href":"https:\/\/www.happs.com.br\/index.php?rest_route=\/wp\/v2\/pages\/106"}],"wp:attachment":[{"href":"https:\/\/www.happs.com.br\/index.php?rest_route=%2Fwp%2Fv2%2Fmedia&parent=127"}],"curies":[{"name":"wp","href":"https:\/\/api.w.org\/{rel}","templated":true}]}}